{"id":3183,"date":"2022-02-18T13:32:18","date_gmt":"2022-02-18T12:32:18","guid":{"rendered":"https:\/\/tenneville.com\/visites\/"},"modified":"2023-09-01T15:32:19","modified_gmt":"2023-09-01T14:32:19","slug":"visites","status":"publish","type":"page","link":"https:\/\/tenneville.com\/nl\/visites\/","title":{"rendered":"Visites"},"content":{"rendered":"\t\t<div data-elementor-type=\"wp-page\" data-elementor-id=\"3183\" class=\"elementor elementor-3183\" data-elementor-post-type=\"page\">\n\t\t\t\t\t\t<section class=\"elementor-section elementor-top-section elementor-element elementor-element-83746e8 elementor-section-height-min-height elementor-section-boxed elementor-section-height-default elementor-section-items-middle\" data-id=\"83746e8\" data-element_type=\"section\" data-e-type=\"section\" data-settings=\"{&quot;background_background&quot;:&quot;classic&quot;}\">\n\t\t\t\t\t\t\t<div class=\"elementor-background-overlay\"><\/div>\n\t\t\t\t\t\t\t<div class=\"elementor-container elementor-column-gap-default\">\n\t\t\t\t\t<div class=\"elementor-column elementor-col-100 elementor-top-column elementor-element elementor-element-09faee3\" data-id=\"09faee3\" data-element_type=\"column\" data-e-type=\"column\">\n\t\t\t<div class=\"elementor-widget-wrap elementor-element-populated\">\n\t\t\t\t\t\t<div class=\"elementor-element elementor-element-c7152a9 elementor-widget elementor-widget-heading\" data-id=\"c7152a9\" data-element_type=\"widget\" data-e-type=\"widget\" data-widget_type=\"heading.default\">\n\t\t\t\t<div class=\"elementor-widget-container\">\n\t\t\t\t\t<h1 class=\"elementor-heading-title elementor-size-default\">Bezoeken<\/h1>\t\t\t\t<\/div>\n\t\t\t\t<\/div>\n\t\t\t\t\t<\/div>\n\t\t<\/div>\n\t\t\t\t\t<\/div>\n\t\t<\/section>\n\t\t\t\t<section class=\"elementor-section elementor-top-section elementor-element elementor-element-a715aee elementor-section-boxed elementor-section-height-default elementor-section-height-default\" data-id=\"a715aee\" data-element_type=\"section\" data-e-type=\"section\">\n\t\t\t\t\t\t<div class=\"elementor-container elementor-column-gap-default\">\n\t\t\t\t\t<div class=\"elementor-column elementor-col-100 elementor-top-column elementor-element elementor-element-a27ecbb\" data-id=\"a27ecbb\" data-element_type=\"column\" data-e-type=\"column\">\n\t\t\t<div class=\"elementor-widget-wrap elementor-element-populated\">\n\t\t\t\t\t\t<div class=\"elementor-element elementor-element-95d8edc elementor-widget elementor-widget-spacer\" data-id=\"95d8edc\" data-element_type=\"widget\" data-e-type=\"widget\" data-widget_type=\"spacer.default\">\n\t\t\t\t<div class=\"elementor-widget-container\">\n\t\t\t\t\t\t\t<div class=\"elementor-spacer\">\n\t\t\t<div class=\"elementor-spacer-inner\"><\/div>\n\t\t<\/div>\n\t\t\t\t\t\t<\/div>\n\t\t\t\t<\/div>\n\t\t\t\t\t<\/div>\n\t\t<\/div>\n\t\t\t\t\t<\/div>\n\t\t<\/section>\n\t\t\t\t<section class=\"elementor-section elementor-top-section elementor-element elementor-element-0459d93 elementor-section-boxed elementor-section-height-default elementor-section-height-default\" data-id=\"0459d93\" data-element_type=\"section\" data-e-type=\"section\">\n\t\t\t\t\t\t<div class=\"elementor-container elementor-column-gap-default\">\n\t\t\t\t\t<div class=\"elementor-column elementor-col-50 elementor-top-column elementor-element elementor-element-5639b90\" data-id=\"5639b90\" data-element_type=\"column\" data-e-type=\"column\">\n\t\t\t<div class=\"elementor-widget-wrap elementor-element-populated\">\n\t\t\t\t\t\t<div class=\"elementor-element elementor-element-7144229 elementor-widget elementor-widget-heading\" data-id=\"7144229\" data-element_type=\"widget\" data-e-type=\"widget\" data-widget_type=\"heading.default\">\n\t\t\t\t<div class=\"elementor-widget-container\">\n\t\t\t\t\t<h4 class=\"elementor-heading-title elementor-size-default\">BIOFARM \u00e0 Cens<\/h4>\t\t\t\t<\/div>\n\t\t\t\t<\/div>\n\t\t\t\t<div class=\"elementor-element elementor-element-92f9d74 elementor-widget elementor-widget-text-editor\" data-id=\"92f9d74\" data-element_type=\"widget\" data-e-type=\"widget\" data-widget_type=\"text-editor.default\">\n\t\t\t\t<div class=\"elementor-widget-container\">\n\t\t\t\t\t\t\t\t\t<p>La<a href=\"http:\/\/www.biofarm.be\" target=\"_blank\" rel=\"noopener\"> Ferme des Fr\u00eanes \u2013 Biofarm <\/a>est une ferme en activit\u00e9 situ\u00e9e dans le village de Cens. Une exploitation principalement consacr\u00e9e \u00e0 l\u2019\u00e9levage d\u2019agneaux Entre-Sambre-et-Meuse, de boeufs Angus et de porcs Sattelschwein.<br \/>La famille Feller propose un magasin \u00e0 la ferme o\u00f9 vous pouvez vous procurer les produits issus de son \u00e9levage, ainsi que divers produits locaux (fromages, bi\u00e8res, pains, etc.).<\/p><p>Tout au long de l\u2019ann\u00e9e, Vanessa et Patrick proposent aussi des visites. Elles se d\u00e9roulent sur rendez-vous (payant).<\/p><p>Bon \u00e0 savoir: la Ferme des Fr\u00eanes est situ\u00e9e sur le <a href=\"https:\/\/www.foretdesainthubert-tourisme.be\/se-regaler\/visites-chez-les-producteurs\/\" target=\"_blank\" rel=\"noopener\" data-wplink-url-error=\"true\">circuit gourmand &#8220;Un go\u00fbt de terroir&#8221;<\/a> et sur <a href=\"https:\/\/www.province.luxembourg.be\/fr\/circuit-de-la-ferme-des-frenes-a-cens-tenneville.html?IDC=5553&amp;IDD=114650#.YgT1pJbjKUk\" target=\"_blank\" rel=\"noopener\">la boucle agricole de Cens<\/a>.<\/p>\t\t\t\t\t\t\t\t<\/div>\n\t\t\t\t<\/div>\n\t\t\t\t\t<\/div>\n\t\t<\/div>\n\t\t\t\t<div class=\"elementor-column elementor-col-50 elementor-top-column elementor-element elementor-element-f17ad18\" data-id=\"f17ad18\" data-element_type=\"column\" data-e-type=\"column\">\n\t\t\t<div class=\"elementor-widget-wrap elementor-element-populated\">\n\t\t\t\t\t\t<div class=\"elementor-element elementor-element-17351ad elementor-widget elementor-widget-image\" data-id=\"17351ad\" data-element_type=\"widget\" data-e-type=\"widget\" data-widget_type=\"image.default\">\n\t\t\t\t<div class=\"elementor-widget-container\">\n\t\t\t\t\t\t\t\t\t\t\t\t\t\t\t<img fetchpriority=\"high\" decoding=\"async\" width=\"681\" height=\"1024\" src=\"https:\/\/tenneville.com\/wp-content\/uploads\/2022\/02\/biofarm\u00a9dbcreation-MTFSH-41-681x1024.jpg\" class=\"attachment-large size-large wp-image-2525\" alt=\"\" srcset=\"https:\/\/tenneville.com\/wp-content\/uploads\/2022\/02\/biofarm\u00a9dbcreation-MTFSH-41-681x1024.jpg 681w, https:\/\/tenneville.com\/wp-content\/uploads\/2022\/02\/biofarm\u00a9dbcreation-MTFSH-41-600x902.jpg 600w, https:\/\/tenneville.com\/wp-content\/uploads\/2022\/02\/biofarm\u00a9dbcreation-MTFSH-41-200x300.jpg 200w, https:\/\/tenneville.com\/wp-content\/uploads\/2022\/02\/biofarm\u00a9dbcreation-MTFSH-41-768x1154.jpg 768w, https:\/\/tenneville.com\/wp-content\/uploads\/2022\/02\/biofarm\u00a9dbcreation-MTFSH-41-1022x1536.jpg 1022w, https:\/\/tenneville.com\/wp-content\/uploads\/2022\/02\/biofarm\u00a9dbcreation-MTFSH-41.jpg 1181w\" sizes=\"(max-width: 681px) 100vw, 681px\" \/>\t\t\t\t\t\t\t\t\t\t\t\t\t\t\t<\/div>\n\t\t\t\t<\/div>\n\t\t\t\t\t<\/div>\n\t\t<\/div>\n\t\t\t\t\t<\/div>\n\t\t<\/section>\n\t\t\t\t<section class=\"elementor-section elementor-top-section elementor-element elementor-element-a92bf94 elementor-section-boxed elementor-section-height-default elementor-section-height-default\" data-id=\"a92bf94\" data-element_type=\"section\" data-e-type=\"section\">\n\t\t\t\t\t\t<div class=\"elementor-container elementor-column-gap-default\">\n\t\t\t\t\t<div class=\"elementor-column elementor-col-50 elementor-top-column elementor-element elementor-element-7d00c84\" data-id=\"7d00c84\" data-element_type=\"column\" data-e-type=\"column\">\n\t\t\t<div class=\"elementor-widget-wrap elementor-element-populated\">\n\t\t\t\t\t\t<div class=\"elementor-element elementor-element-8ce1b85 elementor-widget elementor-widget-heading\" data-id=\"8ce1b85\" data-element_type=\"widget\" data-e-type=\"widget\" data-widget_type=\"heading.default\">\n\t\t\t\t<div class=\"elementor-widget-container\">\n\t\t\t\t\t<h4 class=\"elementor-heading-title elementor-size-default\">L'ancienne \u00e9cole de Laneuville-au-Bois<\/h4>\t\t\t\t<\/div>\n\t\t\t\t<\/div>\n\t\t\t\t<div class=\"elementor-element elementor-element-c31e03f elementor-widget elementor-widget-text-editor\" data-id=\"c31e03f\" data-element_type=\"widget\" data-e-type=\"widget\" data-widget_type=\"text-editor.default\">\n\t\t\t\t<div class=\"elementor-widget-container\">\n\t\t\t\t\t\t\t\t\t<p>Que vous veniez par la Nationale 89 (Barri\u00e8re de Champlon) ou via Basseilles, vous constaterez rapidement que le village de Laneuville-au-Bois porte on ne peut mieux son nom, comme perdu au milieu de la for\u00eat. L\u2019ancienne \u00e9cole, joliment fleurie comme le reste du village en \u00e9t\u00e9, est situ\u00e9e en face de l\u2019\u00e9glise.<\/p><p>\u00a0<\/p><p>Myriam et Walter y ont reconstitu\u00e9 une ancienne classe qu\u2019ils font visiter sur demande. Il s\u2019agit l\u00e0 d\u2019un voyage hors du temps : plumiers, encriers, ardoises\u2026 Ils vous parleront bien volontiers d\u2019anecdotes de l\u2019\u00e9poque, photos \u00e0 l\u2019appui, et pourront vous proposer quelques animations telles que l\u2019\u00e9criture \u00e0 la plume, \u00e0 l\u2019encre de violette, \u00e0 la touche sur l\u2019ardoise\u2026<\/p><p>\u00a0<\/p><p>Toute l\u2019ann\u00e9e, de pr\u00e9f\u00e9rence du lundi au samedi de 9h30 \u00e0 12h et de 13h \u00e0 18h<br \/>Sur r\u00e9servation au <a href=\"tel: 0032 84 45 53 54\">+32 84 45 53 54<\/a> ou <a href=\"tel:0032497458382\">+32 497 45 83 82<\/a><br \/>Gratuit (si vous le souhaitez, vous pouvez faire un don au profit de l\u2019asbl \u00ab Brille petite Camille \u00bb<\/p>\t\t\t\t\t\t\t\t<\/div>\n\t\t\t\t<\/div>\n\t\t\t\t\t<\/div>\n\t\t<\/div>\n\t\t\t\t<div class=\"elementor-column elementor-col-50 elementor-top-column elementor-element elementor-element-7f46931\" data-id=\"7f46931\" data-element_type=\"column\" data-e-type=\"column\">\n\t\t\t<div class=\"elementor-widget-wrap elementor-element-populated\">\n\t\t\t\t\t\t<div class=\"elementor-element elementor-element-5e11ded elementor-widget elementor-widget-image\" data-id=\"5e11ded\" data-element_type=\"widget\" data-e-type=\"widget\" data-widget_type=\"image.default\">\n\t\t\t\t<div class=\"elementor-widget-container\">\n\t\t\t\t\t\t\t\t\t\t\t\t\t\t\t<img decoding=\"async\" width=\"757\" height=\"1024\" src=\"https:\/\/tenneville.com\/wp-content\/uploads\/2022\/02\/laneuville-au-bois-757x1024.jpg\" class=\"attachment-large size-large wp-image-2232\" alt=\"Ancienne \u00e9cole de Laneuville-au-Bois\" srcset=\"https:\/\/tenneville.com\/wp-content\/uploads\/2022\/02\/laneuville-au-bois-757x1024.jpg 757w, https:\/\/tenneville.com\/wp-content\/uploads\/2022\/02\/laneuville-au-bois-scaled-600x812.jpg 600w, https:\/\/tenneville.com\/wp-content\/uploads\/2022\/02\/laneuville-au-bois-222x300.jpg 222w, https:\/\/tenneville.com\/wp-content\/uploads\/2022\/02\/laneuville-au-bois-768x1039.jpg 768w, https:\/\/tenneville.com\/wp-content\/uploads\/2022\/02\/laneuville-au-bois-1135x1536.jpg 1135w, https:\/\/tenneville.com\/wp-content\/uploads\/2022\/02\/laneuville-au-bois-1513x2048.jpg 1513w, https:\/\/tenneville.com\/wp-content\/uploads\/2022\/02\/laneuville-au-bois-scaled.jpg 1892w\" sizes=\"(max-width: 757px) 100vw, 757px\" \/>\t\t\t\t\t\t\t\t\t\t\t\t\t\t\t<\/div>\n\t\t\t\t<\/div>\n\t\t\t\t\t<\/div>\n\t\t<\/div>\n\t\t\t\t\t<\/div>\n\t\t<\/section>\n\t\t\t\t<section class=\"elementor-section elementor-top-section elementor-element elementor-element-1a9cd13 elementor-section-boxed elementor-section-height-default elementor-section-height-default\" data-id=\"1a9cd13\" data-element_type=\"section\" data-e-type=\"section\">\n\t\t\t\t\t\t<div class=\"elementor-container elementor-column-gap-default\">\n\t\t\t\t\t<div class=\"elementor-column elementor-col-50 elementor-top-column elementor-element elementor-element-b883348\" data-id=\"b883348\" data-element_type=\"column\" data-e-type=\"column\">\n\t\t\t<div class=\"elementor-widget-wrap elementor-element-populated\">\n\t\t\t\t\t\t<div class=\"elementor-element elementor-element-f42fd45 elementor-widget elementor-widget-heading\" data-id=\"f42fd45\" data-element_type=\"widget\" data-e-type=\"widget\" data-widget_type=\"heading.default\">\n\t\t\t\t<div class=\"elementor-widget-container\">\n\t\t\t\t\t<h4 class=\"elementor-heading-title elementor-size-default\">Le Centre Marcassou \u00e0 Champlon<\/h4>\t\t\t\t<\/div>\n\t\t\t\t<\/div>\n\t\t\t\t<div class=\"elementor-element elementor-element-fd4a7ca elementor-widget elementor-widget-text-editor\" data-id=\"fd4a7ca\" data-element_type=\"widget\" data-e-type=\"widget\" data-widget_type=\"text-editor.default\">\n\t\t\t\t<div class=\"elementor-widget-container\">\n\t\t\t\t\t\t\t\t\t<p>C&#8217;est \u00e0 Champlon que les saucissons et jambons secs de la c\u00e9l\u00e8bre marque sont produits. L\u2019ancien centre de production a \u00e9t\u00e9 transform\u00e9 en un espace de visite invitant \u00e0 d\u00e9couvrir l\u2019univers \u00ab Marcassou \u00bb, son histoire et les produits du site de Champlon-Ardenne.<\/p><p><a href=\"https:\/\/walloniebelgiquetourisme.be\/fr-be\/content\/visitentreprise-centre-marcassou-a-champlon\">Pour les groupes \u00e0 partir de 20 personnes (payant).<\/a><\/p><p>Bon \u00e0 savoir: le Centre Marcassou est situ\u00e9 sur le <a href=\"https:\/\/www.foretdesainthubert-tourisme.be\/se-regaler\/visites-chez-les-producteurs\/\" target=\"_blank\" rel=\"noopener\" data-wplink-edit=\"true\">circuit gourmand &#8220;Un go\u00fbt de terroir&#8221;<\/a><\/p>\t\t\t\t\t\t\t\t<\/div>\n\t\t\t\t<\/div>\n\t\t\t\t\t<\/div>\n\t\t<\/div>\n\t\t\t\t<div class=\"elementor-column elementor-col-50 elementor-top-column elementor-element elementor-element-d4f0788\" data-id=\"d4f0788\" data-element_type=\"column\" data-e-type=\"column\">\n\t\t\t<div class=\"elementor-widget-wrap elementor-element-populated\">\n\t\t\t\t\t\t<div class=\"elementor-element elementor-element-ec3eb8e elementor-widget elementor-widget-image\" data-id=\"ec3eb8e\" data-element_type=\"widget\" data-e-type=\"widget\" data-widget_type=\"image.default\">\n\t\t\t\t<div class=\"elementor-widget-container\">\n\t\t\t\t\t\t\t\t\t\t\t\t\t\t\t<img decoding=\"async\" width=\"660\" height=\"1024\" src=\"https:\/\/tenneville.com\/wp-content\/uploads\/2022\/02\/\u00a9FTLBPWillems-2-660x1024.jpg\" class=\"attachment-large size-large wp-image-2530\" alt=\"Centre Marcassou \u00e0 la Barri\u00e8re de Champlon dans la commune de Tenneville\" srcset=\"https:\/\/tenneville.com\/wp-content\/uploads\/2022\/02\/\u00a9FTLBPWillems-2-660x1024.jpg 660w, https:\/\/tenneville.com\/wp-content\/uploads\/2022\/02\/\u00a9FTLBPWillems-2-scaled-600x931.jpg 600w, https:\/\/tenneville.com\/wp-content\/uploads\/2022\/02\/\u00a9FTLBPWillems-2-193x300.jpg 193w, https:\/\/tenneville.com\/wp-content\/uploads\/2022\/02\/\u00a9FTLBPWillems-2-768x1191.jpg 768w, https:\/\/tenneville.com\/wp-content\/uploads\/2022\/02\/\u00a9FTLBPWillems-2-990x1536.jpg 990w, https:\/\/tenneville.com\/wp-content\/uploads\/2022\/02\/\u00a9FTLBPWillems-2-1320x2048.jpg 1320w, https:\/\/tenneville.com\/wp-content\/uploads\/2022\/02\/\u00a9FTLBPWillems-2-scaled.jpg 1650w\" sizes=\"(max-width: 660px) 100vw, 660px\" \/>\t\t\t\t\t\t\t\t\t\t\t\t\t\t\t<\/div>\n\t\t\t\t<\/div>\n\t\t\t\t\t<\/div>\n\t\t<\/div>\n\t\t\t\t\t<\/div>\n\t\t<\/section>\n\t\t\t\t<section class=\"elementor-section elementor-top-section elementor-element elementor-element-b6186b4 elementor-section-boxed elementor-section-height-default elementor-section-height-default\" data-id=\"b6186b4\" data-element_type=\"section\" data-e-type=\"section\" data-settings=\"{&quot;background_background&quot;:&quot;classic&quot;}\">\n\t\t\t\t\t\t<div class=\"elementor-container elementor-column-gap-default\">\n\t\t\t\t\t<div class=\"elementor-column elementor-col-50 elementor-top-column elementor-element elementor-element-82668e3\" data-id=\"82668e3\" data-element_type=\"column\" data-e-type=\"column\">\n\t\t\t<div class=\"elementor-widget-wrap elementor-element-populated\">\n\t\t\t\t\t\t<div class=\"elementor-element elementor-element-2449e1e elementor-widget elementor-widget-heading\" data-id=\"2449e1e\" data-element_type=\"widget\" data-e-type=\"widget\" data-widget_type=\"heading.default\">\n\t\t\t\t<div class=\"elementor-widget-container\">\n\t\t\t\t\t<h4 class=\"elementor-heading-title elementor-size-default\">Carte IGN <\/h4>\t\t\t\t<\/div>\n\t\t\t\t<\/div>\n\t\t\t\t<div class=\"elementor-element elementor-element-0d78433 elementor-widget elementor-widget-text-editor\" data-id=\"0d78433\" data-element_type=\"widget\" data-e-type=\"widget\" data-widget_type=\"text-editor.default\">\n\t\t\t\t<div class=\"elementor-widget-container\">\n\t\t\t\t\t\t\t\t\t<p>Si vous avez une pr\u00e9f\u00e9rences pour les promenades balis\u00e9es, nous vous recommandons la carte IGN \u201cEntre rivi\u00e8res et for\u00eats&#8221;. <br \/>Elle accompagne les diff\u00e9rents itin\u00e9raires balis\u00e9s dans la commune: 18 itin\u00e9raires p\u00e9destres (jusqu\u2019\u00e0 13 km) et 2 circuits VTT (21 et 30,5 km).<\/p>\t\t\t\t\t\t\t\t<\/div>\n\t\t\t\t<\/div>\n\t\t\t\t<div class=\"elementor-element elementor-element-8c32a26 elementor-widget elementor-widget-button\" data-id=\"8c32a26\" data-element_type=\"widget\" data-e-type=\"widget\" data-widget_type=\"button.default\">\n\t\t\t\t<div class=\"elementor-widget-container\">\n\t\t\t\t\t\t\t\t\t<div class=\"elementor-button-wrapper\">\n\t\t\t\t\t<a class=\"elementor-button elementor-button-link elementor-size-sm\" href=\"https:\/\/tenneville.com\/services\/\">\n\t\t\t\t\t\t<span class=\"elementor-button-content-wrapper\">\n\t\t\t\t\t\t\t\t\t<span class=\"elementor-button-text\">En savoir plus<\/span>\n\t\t\t\t\t<\/span>\n\t\t\t\t\t<\/a>\n\t\t\t\t<\/div>\n\t\t\t\t\t\t\t\t<\/div>\n\t\t\t\t<\/div>\n\t\t\t\t\t<\/div>\n\t\t<\/div>\n\t\t\t\t<div class=\"elementor-column elementor-col-50 elementor-top-column elementor-element elementor-element-a1b4c52\" data-id=\"a1b4c52\" data-element_type=\"column\" data-e-type=\"column\">\n\t\t\t<div class=\"elementor-widget-wrap elementor-element-populated\">\n\t\t\t\t\t\t<div class=\"elementor-element elementor-element-f8c2850 elementor-widget elementor-widget-image\" data-id=\"f8c2850\" data-element_type=\"widget\" data-e-type=\"widget\" data-widget_type=\"image.default\">\n\t\t\t\t<div class=\"elementor-widget-container\">\n\t\t\t\t\t\t\t\t\t\t\t\t\t\t\t<img loading=\"lazy\" decoding=\"async\" width=\"591\" height=\"801\" src=\"https:\/\/tenneville.com\/wp-content\/uploads\/2022\/07\/Tenneville-toe-cover-basse-resolution-1.jpg\" class=\"attachment-large size-large wp-image-5051\" alt=\"\" srcset=\"https:\/\/tenneville.com\/wp-content\/uploads\/2022\/07\/Tenneville-toe-cover-basse-resolution-1.jpg 591w, https:\/\/tenneville.com\/wp-content\/uploads\/2022\/07\/Tenneville-toe-cover-basse-resolution-1-221x300.jpg 221w\" sizes=\"(max-width: 591px) 100vw, 591px\" \/>\t\t\t\t\t\t\t\t\t\t\t\t\t\t\t<\/div>\n\t\t\t\t<\/div>\n\t\t\t\t\t<\/div>\n\t\t<\/div>\n\t\t\t\t\t<\/div>\n\t\t<\/section>\n\t\t\t\t<\/div>\n\t\t","protected":false},"excerpt":{"rendered":"<p>Bezoeken BIOFARM \u00e0 Cens La Ferme des Fr\u00eanes \u2013 Biofarm est une ferme en activit\u00e9 situ\u00e9e dans le village de Cens. Une exploitation principalement consacr\u00e9e \u00e0 l\u2019\u00e9levage d\u2019agneaux Entre-Sambre-et-Meuse, de boeufs Angus et de porcs Sattelschwein.La famille Feller propose un magasin \u00e0 la ferme o\u00f9 vous pouvez vous procurer les produits issus de son \u00e9levage, [&hellip;]<\/p>\n","protected":false},"author":3,"featured_media":0,"parent":0,"menu_order":0,"comment_status":"closed","ping_status":"closed","template":"","meta":{"_seopress_robots_primary_cat":"","_seopress_titles_title":"","_seopress_titles_desc":"","_seopress_robots_index":"","site-sidebar-layout":"no-sidebar","site-content-layout":"page-builder","ast-site-content-layout":"full-width-container","site-content-style":"unboxed","site-sidebar-style":"unboxed","ast-global-header-display":"","ast-banner-title-visibility":"","ast-main-header-display":"","ast-hfb-above-header-display":"","ast-hfb-below-header-display":"","ast-hfb-mobile-header-display":"","site-post-title":"disabled","ast-breadcrumbs-content":"","ast-featured-img":"disabled","footer-sml-layout":"","ast-disable-related-posts":"","theme-transparent-header-meta":"enabled","adv-header-id-meta":"","stick-header-meta":"","header-above-stick-meta":"","header-main-stick-meta":"","header-below-stick-meta":"","astra-migrate-meta-layouts":"default","ast-page-background-enabled":"default","ast-page-background-meta":{"desktop":{"background-color":"var(--ast-global-color-4)","background-image":"","background-repeat":"repeat","background-position":"center center","background-size":"auto","background-attachment":"scroll","background-type":"","background-media":"","overlay-type":"","overlay-color":"","overlay-opacity":"","overlay-gradient":""},"tablet":{"background-color":"","background-image":"","background-repeat":"repeat","background-position":"center center","background-size":"auto","background-attachment":"scroll","background-type":"","background-media":"","overlay-type":"","overlay-color":"","overlay-opacity":"","overlay-gradient":""},"mobile":{"background-color":"","background-image":"","background-repeat":"repeat","background-position":"center center","background-size":"auto","background-attachment":"scroll","background-type":"","background-media":"","overlay-type":"","overlay-color":"","overlay-opacity":"","overlay-gradient":""}},"ast-content-background-meta":{"desktop":{"background-color":"var(--ast-global-color-5)","background-image":"","background-repeat":"repeat","background-position":"center center","background-size":"auto","background-attachment":"scroll","background-type":"","background-media":"","overlay-type":"","overlay-color":"","overlay-opacity":"","overlay-gradient":""},"tablet":{"background-color":"var(--ast-global-color-5)","background-image":"","background-repeat":"repeat","background-position":"center center","background-size":"auto","background-attachment":"scroll","background-type":"","background-media":"","overlay-type":"","overlay-color":"","overlay-opacity":"","overlay-gradient":""},"mobile":{"background-color":"var(--ast-global-color-5)","background-image":"","background-repeat":"repeat","background-position":"center center","background-size":"auto","background-attachment":"scroll","background-type":"","background-media":"","overlay-type":"","overlay-color":"","overlay-opacity":"","overlay-gradient":""}},"footnotes":""},"class_list":["post-3183","page","type-page","status-publish","hentry"],"jetpack_sharing_enabled":true,"_links":{"self":[{"href":"https:\/\/tenneville.com\/nl\/wp-json\/wp\/v2\/pages\/3183","targetHints":{"allow":["GET"]}}],"collection":[{"href":"https:\/\/tenneville.com\/nl\/wp-json\/wp\/v2\/pages"}],"about":[{"href":"https:\/\/tenneville.com\/nl\/wp-json\/wp\/v2\/types\/page"}],"author":[{"embeddable":true,"href":"https:\/\/tenneville.com\/nl\/wp-json\/wp\/v2\/users\/3"}],"replies":[{"embeddable":true,"href":"https:\/\/tenneville.com\/nl\/wp-json\/wp\/v2\/comments?post=3183"}],"version-history":[{"count":3,"href":"https:\/\/tenneville.com\/nl\/wp-json\/wp\/v2\/pages\/3183\/revisions"}],"predecessor-version":[{"id":6576,"href":"https:\/\/tenneville.com\/nl\/wp-json\/wp\/v2\/pages\/3183\/revisions\/6576"}],"wp:attachment":[{"href":"https:\/\/tenneville.com\/nl\/wp-json\/wp\/v2\/media?parent=3183"}],"curies":[{"name":"wp","href":"https:\/\/api.w.org\/{rel}","templated":true}]}}